{"id":18,"date":"2017-12-05T16:27:53","date_gmt":"2017-12-05T15:27:53","guid":{"rendered":"http:\/\/www.lesmartegaux.fr\/index.php\/mesmerize\/"},"modified":"2021-09-16T10:27:15","modified_gmt":"2021-09-16T08:27:15","slug":"mesmerize","status":"publish","type":"page","link":"https:\/\/www.lesmartegaux.fr\/","title":{"rendered":"Accueil"},"content":{"rendered":"<div  data-label=\"Overlappable\" data-id=\"overlappable-4\" data-export-id=\"overlappable-4\" data-category=\"overlappable\" class=\"overlappable-4 content-section content-section-spacing\" data-overlap=\"true\" id=\"overlappable-4\" style=\"background-color: #ffffff;\">\n<div  class=\"gridContainer\">\n<div  data-type=\"row\" class=\"row spaced-cols text-center\">\n<div  class=\"col-xs-12 col-sm-4 col-padding\">\n\n<i  class=\"fa icon shadow-large-black aligncenter color1 fa-building reverse round\"> <\/i>\n<div  data-type=\"column\" class=\"\">\n<h5  class=\"\">Le Centre M\u00e9dical<\/h5>\n<p  class=\"\">Le centre est ouvert du lundi au vendredi de 8h00 \u00e0 18h30<\/p>\n\n<\/div>\n<\/div>\n<div  class=\"col-xs-12 col-sm-4 col-padding\">\n\n<i  class=\"fa icon shadow-large-black aligncenter color1 fa-group reverse round\"> <\/i>\n<div  data-type=\"column\" class=\"\">\n<h5  class=\"\">L\u2019\u00e9quipe<\/h5>\n<p  class=\"\">Dr Karen Boyer<br >Dr Sandra Giraud-Ribierre\n<br >Dr Sophie Etmekdjian-Lambaudie\n<br >Dr Melinda KHEIRI<\/p>\n\n<\/div>\n<\/div>\n<div  class=\"col-xs-12 col-sm-4 col-padding\">\n\n<i  class=\"fa icon shadow-large-black aligncenter color1 fa-file-text reverse round\"> <\/i>\n<div  data-type=\"column\" class=\"\">\n<h5  class=\"\">Nous Contacter<\/h5>\n<p  class=\"\">Vous pouvez nous joindre par t\u00e9l\u00e9phone : 04-91-06-04-00\n\nou par mail : contact@martegaux.com<\/p>\n\n<\/div>\n<\/div>\n<\/div>\n<\/div>\n<\/div><div  id=\"centre-medicale\" style=\"background-color: #ffffff;\" data-label=\"centre medicale\" data-id=\"features-12-card-bordered\" data-export-id=\"features-12-card-bordered\" data-category=\"features\" class=\"features-12-card-bordered content-section content-section-spacing \">\n<div  class=\"gridContainer\">\n<div  class=\"row text-center\">\n<div  class=\"section-title-col\" data-type=\"column\">\n<h2  class=\"\">Le centre de S\u00e9nologie des MARTEGAUX<\/h2>\n<p  class=\"lead\">Notre centre est sp\u00e9cialis\u00e9 dans l\u2019imagerie de la femme :<br >\u2013 mammographie<br >\u2013 \u00e9chographie mammaire<br >\u2013 biopsies mammaires<br >\u2013 rep\u00e9rage pr\u00e9-op\u00e9ratoire<br >\u2013 \u00e9chographie pelvienne<br >\u2013 densitom\u00e9trie osseuse<br >Notre centre r\u00e9alise aussi tous les actes de radiologie et d\u2019\u00e9chographie :<br >\u2013 radiologie osseuse<br >\u2013 radiologie dentaire<br >\u2013 \u00e9chographie g\u00e9n\u00e9rale (abdominale, thyro\u00efdienne\u2026)<br >\u2013 cytoponction thyro\u00efdienne<br ><br ><u >L\u2019acc\u00e8s au centre<\/u> se fait sans passe sanitaire, pas d\u2019accompagnants sauf exception.<br ><br ><br >Nos radiologues disposent \u00e9galement de vacations sp\u00e9cialis\u00e9es en imagerie du sein et du pelvis \u00e0 :<br >\u2013 l\u2019hopital Saint-Joseph (Mammographie)<br >\u2013 la clinique Bouchard (Mammographie et IRM)<br >\u2013 la clinique Chanteclerc &amp; l\u2019hopital Laveran (Scanner et IRM)<br ><br ><u >Pour l\u2019acc\u00e8s a ces sites <\/u>: Le passe sanitaire est obligatoire, pas d\u2019accompagnants sauf exception.<\/p>\n\n<\/div>\n<\/div>\n<div  class=\"row spaced-cols\" data-type=\"row\">\n<div  class=\"col-sm-6\">\n<div  class=\"card row-card bordered y-move\">\n<div  class=\"row\">\n<div  class=\"col-sm-fit icon-column\"><i  class=\"fa icon color2 fa-arrow-circle-o-right\"> <\/i><\/div>\n<div  class=\"col-sm\" data-type=\"column\">\n<h5  class=\"color2\">MAMMOGRAPHIE<\/h5>\n<img  class=\"custom-image\" src=\"http:\/\/www.lesmartegaux.fr\/wp-content\/uploads\/2018\/04\/cropped-mammo-2.jpg\">\n\n<\/div>\n<\/div>\n<\/div>\n<\/div>\n<div  class=\"col-sm-6\">\n<div  class=\"card row-card bordered y-move\">\n<div  class=\"row\">\n<div  class=\"col-sm-fit icon-column\"><i  class=\"fa icon color2 fa-arrow-circle-o-right\"> <\/i><\/div>\n<div  class=\"col-sm\" data-type=\"column\">\n<h5  class=\"color2\">RADIOLOGIE<\/h5>\n<img  class=\"custom-image\" src=\"http:\/\/www.lesmartegaux.fr\/wp-content\/uploads\/2018\/04\/cropped-radio-2-1.jpg\">\n\n<\/div>\n<\/div>\n<\/div>\n<\/div>\n<div  class=\"col-sm-6\">\n<div  class=\"card row-card bordered y-move\">\n<div  class=\"row\">\n<div  class=\"col-sm-fit icon-column\"><i  class=\"fa icon color2 fa-arrow-circle-o-right\"> <\/i><\/div>\n<div  class=\"col-sm\" data-type=\"column\">\n<h5  class=\"color2\">ECHOGRAPHIE<\/h5>\n<img  class=\"custom-image\" src=\"http:\/\/www.lesmartegaux.fr\/wp-content\/uploads\/2018\/04\/cropped-echo_gen-2.jpg\">\n\n<\/div>\n<\/div>\n<\/div>\n<\/div>\n<div  class=\"col-sm-6\">\n<div  class=\"card row-card bordered y-move\">\n<div  class=\"row\">\n<div  class=\"col-sm-fit icon-column\"><i  class=\"fa icon color2 fa-arrow-circle-o-right\"> <\/i><\/div>\n<div  class=\"col-sm\" data-type=\"column\">\n<h5  class=\"color2\">PANORAMIQUE DENTAIRE<\/h5>\n<img  class=\"custom-image\" src=\"http:\/\/www.lesmartegaux.fr\/wp-content\/uploads\/2018\/04\/cropped-pano-2.jpg\">\n\n<\/div>\n<\/div>\n<\/div>\n<\/div>\n<\/div>\n<\/div>\n<\/div><div  id=\"equipe\" style=\"background-color: #ffffff;\" data-label=\"equipe\" data-id=\"team-2\" data-export-id=\"team-2\" data-category=\"team\" class=\"team-2 content-section content-section-spacing\">\n<div  class=\"gridContainer\">\n<div  class=\"row text-center\">\n<div  class=\"section-title-col\" data-type=\"column\">\n<h2  class=\"\">L\u2019\u00e9quipe m\u00e9dicale<\/h2>\n<\/div>\n<\/div>\n<div  class=\"row spaced-cols content-center-sm\" data-type=\"row\">\n<div  class=\"col-sm-6 col-md-3\">\n<div  class=\"card y-move no-padding bordered\">\n<div  data-type=\"column\" class=\"col-padding-small col-padding-small-xs description-container\">\n\n<img  class=\"custom-image\" src=\"http:\/\/www.lesmartegaux.fr\/wp-content\/uploads\/2018\/04\/cropped-logo-mart-web-fondblanc-1.png\">\n<h4  class=\"font-500\">Dr Sandra GIRAUD<\/h4>\n<p  class=\"small\" style=\"font-style: italic;\">Radiologue<\/p>\n\n<div  class=\"social-icons-group\" data-type=\"group\"><a href=\"https:\/\/www.facebook.com\/Centre-de-s\u00e9nologie-Les-Mart\u00e9gaux-104478623077693\" target=\"_blank\" class=\"\" rel=\"noopener noreferrer\"><i  class=\"gray fa icon small fa-facebook-square\"><\/i><\/a> <a href=\"#\" target=\"_self\" data-reiki-hidden=\"true\" rel=\"noopener noreferrer\"><i  class=\"gray fa icon small fa-twitter-square\"><\/i><\/a> <a href=\"#\" target=\"_self\" data-reiki-hidden=\"true\" rel=\"noopener noreferrer\"><i  class=\"gray fa icon small fa-linkedin-square\"><\/i><\/a> <a href=\"#\" target=\"_self\" data-reiki-hidden=\"true\" rel=\"noopener noreferrer\"><i  class=\"gray fa icon small fa-google-plus-square\"><\/i><\/a><\/div>\n<\/div>\n<\/div>\n<\/div>\n<div  class=\"col-sm-6 col-md-3\">\n<div  class=\"card y-move no-padding bordered\">\n<div  data-type=\"column\" class=\"col-padding-small col-padding-small-xs description-container\">\n\n<img  class=\"custom-image\" src=\"http:\/\/www.lesmartegaux.fr\/wp-content\/uploads\/2018\/04\/cropped-logo-mart-web-3.png\">\n<h4  class=\"font-500\">Dr Karen BOYER<\/h4>\n<p  class=\"small\" style=\"font-style: italic;\">Radiologue<\/p>\n\n<div  class=\"social-icons-group\" data-type=\"group\"><a href=\"https:\/\/www.facebook.com\/Centre-de-s\u00e9nologie-Les-Mart\u00e9gaux-104478623077693\" target=\"_blank\" class=\"\" rel=\"noopener noreferrer\"><i  class=\"gray fa icon small fa-facebook-square\"><\/i><\/a> <a href=\"#\" target=\"_self\" data-reiki-hidden=\"true\" rel=\"noopener noreferrer\"><i  class=\"gray fa icon small fa-twitter-square\"><\/i><\/a> <a href=\"#\" target=\"_self\" data-reiki-hidden=\"true\" rel=\"noopener noreferrer\"><i  class=\"gray fa icon small fa-linkedin-square\"><\/i><\/a> <a href=\"#\" target=\"_self\" data-reiki-hidden=\"true\" rel=\"noopener noreferrer\"><i  class=\"gray fa icon small fa-google-plus-square\"><\/i><\/a><\/div>\n<\/div>\n<\/div>\n<\/div>\n<div  class=\"col-sm-6 col-md-3\">\n<div  class=\"card y-move no-padding bordered\">\n<div  data-type=\"column\" class=\"col-padding-small col-padding-small-xs description-container\">\n\n<img  class=\"custom-image\" src=\"http:\/\/www.lesmartegaux.fr\/wp-content\/uploads\/2018\/04\/cropped-logo-mart-web-fondblanc-2.png\">\n<h4  class=\"font-500\">Dr Sophie ETMEKDJIAN<\/h4>\n<p  class=\"small\" style=\"font-style: italic;\">Radiologue<\/p>\n\n<div  class=\"social-icons-group\" data-type=\"group\"><a href=\"https:\/\/www.facebook.com\/Centre-de-s\u00e9nologie-Les-Mart\u00e9gaux-104478623077693\" target=\"_blank\" class=\"\" rel=\"noopener noreferrer\"><i  class=\"gray fa icon small fa-facebook-square\"><\/i><\/a> <a href=\"#\" target=\"_self\" data-reiki-hidden=\"true\" rel=\"noopener noreferrer\"><i  class=\"gray fa icon small fa-twitter-square\"><\/i><\/a> <a href=\"#\" target=\"_self\" data-reiki-hidden=\"true\" rel=\"noopener noreferrer\"><i  class=\"gray fa icon small fa-linkedin-square\"><\/i><\/a> <a href=\"#\" target=\"_self\" data-reiki-hidden=\"true\" rel=\"noopener noreferrer\"><i  class=\"gray fa icon small fa-google-plus-square\"><\/i><\/a><\/div>\n<\/div>\n<\/div>\n<\/div>\n<div  class=\"col-sm-6 col-md-3\">\n<div  class=\"card y-move no-padding bordered\">\n<div  data-type=\"column\" class=\"col-padding-small col-padding-small-xs description-container\">\n\n<img  class=\"custom-image\" src=\"http:\/\/www.lesmartegaux.fr\/wp-content\/uploads\/2018\/04\/cropped-logo-mart-web-4.png\">\n<h4  class=\"font-500\">Dr Melinda KHEIRI<\/h4>\n<p  class=\"small\" style=\"font-style: italic;\">Radiologue<\/p>\n\n<div  class=\"social-icons-group\" data-type=\"group\"><a href=\"#\" target=\"_self\" rel=\"noopener noreferrer\"><i  class=\"gray fa icon small fa-facebook-square\"><\/i><\/a> <a href=\"https:\/\/www.facebook.com\/Centre-de-s\u00e9nologie-Les-Mart\u00e9gaux-104478623077693\" target=\"_self\" data-reiki-hidden=\"true\" class=\"\" rel=\"noopener noreferrer\"><i  class=\"gray fa icon small fa-twitter-square\"><\/i><\/a> <a href=\"#\" target=\"_self\" data-reiki-hidden=\"true\" rel=\"noopener noreferrer\"><i  class=\"gray fa icon small fa-linkedin-square\"><\/i><\/a> <a href=\"#\" target=\"_self\" data-reiki-hidden=\"true\" rel=\"noopener noreferrer\"><i  class=\"gray fa icon small fa-google-plus-square\"><\/i><\/a><\/div>\n<\/div>\n<\/div>\n<\/div>\n<\/div>\n<\/div>\n<\/div><div  id=\"contact-1\" data-label=\"Contact\" data-id=\"contact-1\" data-export-id=\"contact-1\" data-category=\"contact\" class=\"contact-1 content-section content-section-spacing white-text\" data-parallax-depth=\"20\" style=\"background-image: url('http:\/\/www.lesmartegaux.fr\/wp-content\/uploads\/2017\/11\/salle-dattente.jpg'); background-size: cover; background-position: center top;\">\n<div  class=\"gridContainer\">\n<div  class=\"row text-center\">\n<div  class=\"section-title-col\" data-type=\"column\">\n<h2  class=\"\">Nous contacter<\/h2>\n<p  class=\"lead\">Si vous avez des questions, n\u2019hesitez pas \u00e0 nous laisser un message.<\/p>\n\n<\/div>\n<\/div>\n<div  class=\"row text-center\">\n<div  class=\"col-xs-12 col-sm-8 col-sm-offset-2 contact-form-wrapper inline-info\">\n<div  class=\"card large-padding\">\n<div  class=\"\" data-content-shortcode=\"mesmerize_contact_form shortcode=&quot;contact-form-7 id=&amp;amp;quot;41&amp;amp;quot; title=&amp;amp;quot;Formulaire de contact 1&amp;amp;quot;&quot;\" data-editable=\"true\"><div role=\"form\" class=\"wpcf7\" id=\"wpcf7-f41-o1\" lang=\"fr-FR\" dir=\"ltr\">\n<div class=\"screen-reader-response\"><p role=\"status\" aria-live=\"polite\" aria-atomic=\"true\"><\/p> <ul><\/ul><\/div>\n<form action=\"\/index.php?rest_route=%2Fwp%2Fv2%2Fpages%2F18#wpcf7-f41-o1\" method=\"post\" class=\"wpcf7-form init\" novalidate=\"novalidate\" data-status=\"init\">\n<div style=\"display: none;\">\n<input type=\"hidden\" name=\"_wpcf7\" value=\"41\" \/>\n<input type=\"hidden\" name=\"_wpcf7_version\" value=\"5.5.6.1\" \/>\n<input type=\"hidden\" name=\"_wpcf7_locale\" value=\"fr_FR\" \/>\n<input type=\"hidden\" name=\"_wpcf7_unit_tag\" value=\"wpcf7-f41-o1\" \/>\n<input type=\"hidden\" name=\"_wpcf7_container_post\" value=\"0\" \/>\n<input type=\"hidden\" name=\"_wpcf7_posted_data_hash\" value=\"\" \/>\n<input type=\"hidden\" name=\"_wpcf7_recaptcha_response\" value=\"\" \/>\n<\/div>\n<p><label> Votre nom (obligatoire)<br \/>\n    <span class=\"wpcf7-form-control-wrap your-name\"><input type=\"text\" name=\"your-name\" value=\"\" size=\"40\" class=\"wpcf7-form-control wpcf7-text wpcf7-validates-as-required\" aria-required=\"true\" aria-invalid=\"false\" \/><\/span> <\/label><\/p>\n<p><label> Votre adresse de messagerie (obligatoire)<br \/>\n    <span class=\"wpcf7-form-control-wrap your-email\"><input type=\"email\" name=\"your-email\" value=\"\" size=\"40\" class=\"wpcf7-form-control wpcf7-text wpcf7-email wpcf7-validates-as-required wpcf7-validates-as-email\" aria-required=\"true\" aria-invalid=\"false\" \/><\/span> <\/label><\/p>\n<p><label> Objet<br \/>\n    <span class=\"wpcf7-form-control-wrap your-subject\"><input type=\"text\" name=\"your-subject\" value=\"\" size=\"40\" class=\"wpcf7-form-control wpcf7-text\" aria-invalid=\"false\" \/><\/span> <\/label><\/p>\n<p><label> Votre message<br \/>\n    <span class=\"wpcf7-form-control-wrap your-message\"><textarea name=\"your-message\" cols=\"40\" rows=\"10\" class=\"wpcf7-form-control wpcf7-textarea\" aria-invalid=\"false\"><\/textarea><\/span> <\/label><\/p>\n\n<p><input type=\"submit\" value=\"Envoyer\" class=\"wpcf7-form-control has-spinner wpcf7-submit\" \/><\/p>\n<div class=\"wpcf7-response-output\" aria-hidden=\"true\"><\/div><\/form><\/div><\/div>\n<\/div>\n<\/div>\n<\/div>\n<\/div>\n<\/div>","protected":false},"excerpt":{"rendered":"<p>Le Centre M\u00e9dical Le centre est ouvert du lundi au vendredi de 8h00 \u00e0 18h30 L\u2019\u00e9quipe Dr Karen BoyerDr Sandra Giraud-Ribierre Dr Sophie Etmekdjian-Lambaudie Dr Melinda KHEIRI Nous Contacter Vous pouvez nous joindre par t\u00e9l\u00e9phone : 04-91-06-04-00 ou par mail : contact@martegaux.com Le centre de S\u00e9nologie des MARTEGAUX Notre centre est sp\u00e9cialis\u00e9 dans l\u2019imagerie de&hellip; <br \/> <a class=\"read-more\" href=\"https:\/\/www.lesmartegaux.fr\/\">Lire la suite<\/a><\/p>\n","protected":false},"author":1,"featured_media":0,"parent":0,"menu_order":0,"comment_status":"closed","ping_status":"closed","template":"page-templates\/homepage.php","meta":[],"_links":{"self":[{"href":"https:\/\/www.lesmartegaux.fr\/index.php?rest_route=\/wp\/v2\/pages\/18"}],"collection":[{"href":"https:\/\/www.lesmartegaux.fr\/index.php?rest_route=\/wp\/v2\/pages"}],"about":[{"href":"https:\/\/www.lesmartegaux.fr\/index.php?rest_route=\/wp\/v2\/types\/page"}],"author":[{"embeddable":true,"href":"https:\/\/www.lesmartegaux.fr\/index.php?rest_route=\/wp\/v2\/users\/1"}],"replies":[{"embeddable":true,"href":"https:\/\/www.lesmartegaux.fr\/index.php?rest_route=%2Fwp%2Fv2%2Fcomments&post=18"}],"version-history":[{"count":37,"href":"https:\/\/www.lesmartegaux.fr\/index.php?rest_route=\/wp\/v2\/pages\/18\/revisions"}],"predecessor-version":[{"id":216,"href":"https:\/\/www.lesmartegaux.fr\/index.php?rest_route=\/wp\/v2\/pages\/18\/revisions\/216"}],"wp:attachment":[{"href":"https:\/\/www.lesmartegaux.fr\/index.php?rest_route=%2Fwp%2Fv2%2Fmedia&parent=18"}],"curies":[{"name":"wp","href":"https:\/\/api.w.org\/{rel}","templated":true}]}}